{"id":3561,"date":"2020-05-06T12:57:10","date_gmt":"2020-05-06T12:57:10","guid":{"rendered":"https:\/\/newbornarts.com\/?post_type=product&#038;p=3561"},"modified":"2020-05-21T15:00:45","modified_gmt":"2020-05-21T15:00:45","slug":"sneeze-guard-48-x-32","status":"publish","type":"product","link":"https:\/\/newbornarts.com\/fr\/product\/sneeze-guard-48-x-32\/","title":{"rendered":"Panneau de protection 48&Prime; x 32&Prime;"},"content":{"rendered":"","protected":false},"excerpt":{"rendered":"<p>48&Prime; x 32&Prime;<\/p>\n<p><strong>*Note: Dans la photo, le protecteur a une pellicule de protection. Le vrai fini est transparent et clair.<\/strong><\/p>\n<p>&nbsp;<\/p>\n<p><strong>LIVRAISON DANS LA R\u00c9GION DE OTTAWA-GATINEAU<\/strong><br \/>\n5.00$&nbsp;<\/p>\n<p>* Pour une livraison \u00e0 l&rsquo;ext\u00e9rieur de ce rayon, veuillez-nous contacter directement au 613-742-6227 afin de conna\u00eetre les options et tarifs de livraison.<\/p>\n","protected":false},"featured_media":3562,"template":"","meta":{"ngg_post_thumbnail":0},"product_brand":[],"product_cat":[26],"product_tag":[],"class_list":{"0":"post-3561","1":"product","2":"type-product","3":"status-publish","4":"has-post-thumbnail","6":"product_cat-uncategorized","8":"first","9":"instock","10":"taxable","11":"shipping-taxable","12":"purchasable","13":"product-type-simple"},"yoast_head":"<!-- This site is optimized with the Yoast SEO plugin v26.9 - https:\/\/yoast.com\/product\/yoast-seo-wordpress\/ -->\n<title>Panneau de protection 48&quot; x 32&quot; | New Born Arts Signs<\/title>\n<meta name=\"robots\" content=\"index, follow, max-snippet:-1, max-image-preview:large, max-video-preview:-1\" \/>\n<link rel=\"canonical\" href=\"https:\/\/newbornarts.com\/fr\/product\/sneeze-guard-48-x-32\/\" \/>\n<meta property=\"og:locale\" content=\"fr_FR\" \/>\n<meta property=\"og:type\" content=\"article\" \/>\n<meta property=\"og:title\" content=\"Panneau de protection 48&quot; x 32&quot; | New Born Arts Signs\" \/>\n<meta property=\"og:description\" content=\"[:en]48&quot; x 32&quot;  *Note: In this picture, the sneeze guard has a protective film. The finish is transparent and clear.  &nbsp;  DELIVERY IN THE OTTAWA-GATINEAU AREA 5.00$&nbsp;  * For delivery outside this radius, please contact us directly at 613-742-6227 for delivery options and rates.[:fr]48&quot; x 32&quot;  *Note: Dans la photo, le protecteur a une pellicule de protection. Le vrai fini est transparent et clair.  &nbsp;  LIVRAISON DANS LA R\u00c9GION DE OTTAWA-GATINEAU 5.00$&nbsp;  * Pour une livraison \u00e0 l&#039;ext\u00e9rieur de ce rayon, veuillez-nous contacter directement au 613-742-6227 afin de conna\u00eetre les options et tarifs de livraison.[:]\" \/>\n<meta property=\"og:url\" content=\"https:\/\/newbornarts.com\/fr\/product\/sneeze-guard-48-x-32\/\" \/>\n<meta property=\"og:site_name\" content=\"New Born Arts Signs\" \/>\n<meta property=\"article:modified_time\" content=\"2020-05-21T15:00:45+00:00\" \/>\n<meta property=\"og:image\" content=\"https:\/\/newbornarts.com\/wp-content\/uploads\/2020\/05\/SneezeGuard-48-FRONT.jpg\" \/>\n\t<meta property=\"og:image:width\" content=\"1128\" \/>\n\t<meta property=\"og:image:height\" content=\"1146\" \/>\n\t<meta property=\"og:image:type\" content=\"image\/jpeg\" \/>\n<meta name=\"twitter:card\" content=\"summary_large_image\" \/>\n<script type=\"application\/ld+json\" class=\"yoast-schema-graph\">{\"@context\":\"https:\/\/schema.org\",\"@graph\":[{\"@type\":\"WebPage\",\"@id\":\"https:\/\/newbornarts.com\/fr\/product\/sneeze-guard-48-x-32\/\",\"url\":\"https:\/\/newbornarts.com\/fr\/product\/sneeze-guard-48-x-32\/\",\"name\":\"Panneau de protection 48\\\" x 32\\\" | New Born Arts Signs\",\"isPartOf\":{\"@id\":\"https:\/\/newbornarts.com\/#website\"},\"primaryImageOfPage\":{\"@id\":\"https:\/\/newbornarts.com\/fr\/product\/sneeze-guard-48-x-32\/#primaryimage\"},\"image\":{\"@id\":\"https:\/\/newbornarts.com\/fr\/product\/sneeze-guard-48-x-32\/#primaryimage\"},\"thumbnailUrl\":\"https:\/\/newbornarts.com\/wp-content\/uploads\/2020\/05\/SneezeGuard-48-FRONT.jpg\",\"datePublished\":\"2020-05-06T12:57:10+00:00\",\"dateModified\":\"2020-05-21T15:00:45+00:00\",\"breadcrumb\":{\"@id\":\"https:\/\/newbornarts.com\/fr\/product\/sneeze-guard-48-x-32\/#breadcrumb\"},\"inLanguage\":\"fr-FR\",\"potentialAction\":[{\"@type\":\"ReadAction\",\"target\":[\"https:\/\/newbornarts.com\/fr\/product\/sneeze-guard-48-x-32\/\"]}]},{\"@type\":\"ImageObject\",\"inLanguage\":\"fr-FR\",\"@id\":\"https:\/\/newbornarts.com\/fr\/product\/sneeze-guard-48-x-32\/#primaryimage\",\"url\":\"https:\/\/newbornarts.com\/wp-content\/uploads\/2020\/05\/SneezeGuard-48-FRONT.jpg\",\"contentUrl\":\"https:\/\/newbornarts.com\/wp-content\/uploads\/2020\/05\/SneezeGuard-48-FRONT.jpg\",\"width\":1128,\"height\":1146},{\"@type\":\"BreadcrumbList\",\"@id\":\"https:\/\/newbornarts.com\/fr\/product\/sneeze-guard-48-x-32\/#breadcrumb\",\"itemListElement\":[{\"@type\":\"ListItem\",\"position\":1,\"name\":\"Home\",\"item\":\"https:\/\/newbornarts.com\/\"},{\"@type\":\"ListItem\",\"position\":2,\"name\":\"Panneau de protection 48&Prime; x 32&Prime;\"}]},{\"@type\":\"WebSite\",\"@id\":\"https:\/\/newbornarts.com\/#website\",\"url\":\"https:\/\/newbornarts.com\/\",\"name\":\"New Born Arts Signs\",\"description\":\"\",\"potentialAction\":[{\"@type\":\"SearchAction\",\"target\":{\"@type\":\"EntryPoint\",\"urlTemplate\":\"https:\/\/newbornarts.com\/?s={search_term_string}\"},\"query-input\":{\"@type\":\"PropertyValueSpecification\",\"valueRequired\":true,\"valueName\":\"search_term_string\"}}],\"inLanguage\":\"fr-FR\"}]}<\/script>\n<!-- \/ Yoast SEO plugin. -->","yoast_head_json":{"title":"Panneau de protection 48\" x 32\" | New Born Arts Signs","robots":{"index":"index","follow":"follow","max-snippet":"max-snippet:-1","max-image-preview":"max-image-preview:large","max-video-preview":"max-video-preview:-1"},"canonical":"https:\/\/newbornarts.com\/fr\/product\/sneeze-guard-48-x-32\/","og_locale":"fr_FR","og_type":"article","og_title":"Panneau de protection 48\" x 32\" | New Born Arts Signs","og_description":"[:en]48\" x 32\"  *Note: In this picture, the sneeze guard has a protective film. The finish is transparent and clear.  &nbsp;  DELIVERY IN THE OTTAWA-GATINEAU AREA 5.00$&nbsp;  * For delivery outside this radius, please contact us directly at 613-742-6227 for delivery options and rates.[:fr]48\" x 32\"  *Note: Dans la photo, le protecteur a une pellicule de protection. Le vrai fini est transparent et clair.  &nbsp;  LIVRAISON DANS LA R\u00c9GION DE OTTAWA-GATINEAU 5.00$&nbsp;  * Pour une livraison \u00e0 l'ext\u00e9rieur de ce rayon, veuillez-nous contacter directement au 613-742-6227 afin de conna\u00eetre les options et tarifs de livraison.[:]","og_url":"https:\/\/newbornarts.com\/fr\/product\/sneeze-guard-48-x-32\/","og_site_name":"New Born Arts Signs","article_modified_time":"2020-05-21T15:00:45+00:00","og_image":[{"width":1128,"height":1146,"url":"https:\/\/newbornarts.com\/wp-content\/uploads\/2020\/05\/SneezeGuard-48-FRONT.jpg","type":"image\/jpeg"}],"twitter_card":"summary_large_image","schema":{"@context":"https:\/\/schema.org","@graph":[{"@type":"WebPage","@id":"https:\/\/newbornarts.com\/fr\/product\/sneeze-guard-48-x-32\/","url":"https:\/\/newbornarts.com\/fr\/product\/sneeze-guard-48-x-32\/","name":"Panneau de protection 48\" x 32\" | New Born Arts Signs","isPartOf":{"@id":"https:\/\/newbornarts.com\/#website"},"primaryImageOfPage":{"@id":"https:\/\/newbornarts.com\/fr\/product\/sneeze-guard-48-x-32\/#primaryimage"},"image":{"@id":"https:\/\/newbornarts.com\/fr\/product\/sneeze-guard-48-x-32\/#primaryimage"},"thumbnailUrl":"https:\/\/newbornarts.com\/wp-content\/uploads\/2020\/05\/SneezeGuard-48-FRONT.jpg","datePublished":"2020-05-06T12:57:10+00:00","dateModified":"2020-05-21T15:00:45+00:00","breadcrumb":{"@id":"https:\/\/newbornarts.com\/fr\/product\/sneeze-guard-48-x-32\/#breadcrumb"},"inLanguage":"fr-FR","potentialAction":[{"@type":"ReadAction","target":["https:\/\/newbornarts.com\/fr\/product\/sneeze-guard-48-x-32\/"]}]},{"@type":"ImageObject","inLanguage":"fr-FR","@id":"https:\/\/newbornarts.com\/fr\/product\/sneeze-guard-48-x-32\/#primaryimage","url":"https:\/\/newbornarts.com\/wp-content\/uploads\/2020\/05\/SneezeGuard-48-FRONT.jpg","contentUrl":"https:\/\/newbornarts.com\/wp-content\/uploads\/2020\/05\/SneezeGuard-48-FRONT.jpg","width":1128,"height":1146},{"@type":"BreadcrumbList","@id":"https:\/\/newbornarts.com\/fr\/product\/sneeze-guard-48-x-32\/#breadcrumb","itemListElement":[{"@type":"ListItem","position":1,"name":"Home","item":"https:\/\/newbornarts.com\/"},{"@type":"ListItem","position":2,"name":"Panneau de protection 48&Prime; x 32&Prime;"}]},{"@type":"WebSite","@id":"https:\/\/newbornarts.com\/#website","url":"https:\/\/newbornarts.com\/","name":"New Born Arts Signs","description":"","potentialAction":[{"@type":"SearchAction","target":{"@type":"EntryPoint","urlTemplate":"https:\/\/newbornarts.com\/?s={search_term_string}"},"query-input":{"@type":"PropertyValueSpecification","valueRequired":true,"valueName":"search_term_string"}}],"inLanguage":"fr-FR"}]}},"jetpack_sharing_enabled":true,"_links":{"self":[{"href":"https:\/\/newbornarts.com\/fr\/wp-json\/wp\/v2\/product\/3561","targetHints":{"allow":["GET"]}}],"collection":[{"href":"https:\/\/newbornarts.com\/fr\/wp-json\/wp\/v2\/product"}],"about":[{"href":"https:\/\/newbornarts.com\/fr\/wp-json\/wp\/v2\/types\/product"}],"wp:featuredmedia":[{"embeddable":true,"href":"https:\/\/newbornarts.com\/fr\/wp-json\/wp\/v2\/media\/3562"}],"wp:attachment":[{"href":"https:\/\/newbornarts.com\/fr\/wp-json\/wp\/v2\/media?parent=3561"}],"wp:term":[{"taxonomy":"product_brand","embeddable":true,"href":"https:\/\/newbornarts.com\/fr\/wp-json\/wp\/v2\/product_brand?post=3561"},{"taxonomy":"product_cat","embeddable":true,"href":"https:\/\/newbornarts.com\/fr\/wp-json\/wp\/v2\/product_cat?post=3561"},{"taxonomy":"product_tag","embeddable":true,"href":"https:\/\/newbornarts.com\/fr\/wp-json\/wp\/v2\/product_tag?post=3561"}],"curies":[{"name":"wp","href":"https:\/\/api.w.org\/{rel}","templated":true}]}}