{"id":3480,"date":"2020-05-05T18:10:21","date_gmt":"2020-05-05T18:10:21","guid":{"rendered":"https:\/\/newbornarts.com\/?post_type=product&#038;p=3480"},"modified":"2020-06-02T18:31:16","modified_gmt":"2020-06-02T18:31:16","slug":"medical-shield","status":"publish","type":"product","link":"https:\/\/newbornarts.com\/fr\/product\/medical-shield\/","title":{"rendered":"Visi\u00e8re m\u00e9dicale"},"content":{"rendered":"","protected":false},"excerpt":{"rendered":"<address>\n<address>PETG;<\/address>\n<address><strong>Color:<\/strong> Clear<\/address>\n<address><strong>Thickness:<\/strong> 0.020<\/address>\n<address><strong>Texture:<\/strong> Mirror<\/address>\n<address><strong>Grades:<\/strong> FDA Compliant, Orthotic<\/address>\n<address><strong>Specs:<\/strong> 11 5\/8\u00a0\u00bb Wide x 12\u00a0\u00bb High<\/address>\n<address>&nbsp;<\/address>\n<\/address>\n<h4><strong>PETG Properties and Material Options<\/strong><\/h4>\n<p><a href=\"https:\/\/www.curbellplastics.com\/Research-Solutions\/Applications\/Easy-to-Thermoform\" target=\"_blank\" rel=\"noopener noreferrer\" data-saferedirecturl=\"https:\/\/www.google.com\/url?q=https:\/\/www.curbellplastics.com\/Research-Solutions\/Applications\/Easy-to-Thermoform&amp;source=gmail&amp;ust=1588785461873000&amp;usg=AFQjCNG27NUEacxp2vx8FdXkei3gaXukiA\"><strong>Thermoforming<\/strong><\/a>\u2013&nbsp;PETG does not require drying prior to forming and has rapid thermoforming cycle times. It is brake formable up to 0.080&Prime; thickness.<\/p>\n<p><a href=\"https:\/\/www.curbellplastics.com\/Research-Solutions\/Applications\/Impact-Resistant\" target=\"_blank\" rel=\"noopener noreferrer\" data-saferedirecturl=\"https:\/\/www.google.com\/url?q=https:\/\/www.curbellplastics.com\/Research-Solutions\/Applications\/Impact-Resistant&amp;source=gmail&amp;ust=1588785461873000&amp;usg=AFQjCNGhNbZA1QCs0QcANi-v8F8C1D_ChA\"><strong>Impact Resistance<\/strong><\/a>\u2013&nbsp;PETG is less brittle than acrylic.<\/p>\n<p><a href=\"https:\/\/www.curbellplastics.com\/Research-Solutions\/Applications\/Good-Chemical-Resistance\" target=\"_blank\" rel=\"noopener noreferrer\" data-saferedirecturl=\"https:\/\/www.google.com\/url?q=https:\/\/www.curbellplastics.com\/Research-Solutions\/Applications\/Good-Chemical-Resistance&amp;source=gmail&amp;ust=1588785461874000&amp;usg=AFQjCNGKtMWiG673ejN8Nh_Oq5Q7Vakdgg\"><strong>Chemical Resistance<\/strong><\/a>\u2013&nbsp;PETG offers superior chemical resistance when compared with many other transparent plastics.<\/p>\n<p><a href=\"https:\/\/www.curbellplastics.com\/Research-Solutions\/Applications\/Orthotics-and-Prosthetics\" target=\"_blank\" rel=\"noopener noreferrer\" data-saferedirecturl=\"https:\/\/www.google.com\/url?q=https:\/\/www.curbellplastics.com\/Research-Solutions\/Applications\/Orthotics-and-Prosthetics&amp;source=gmail&amp;ust=1588785461874000&amp;usg=AFQjCNFgF1mk4cfZ8vaagREpqAV46y2pAA\"><strong>PETG Sheet for O&amp;P<\/strong><\/a>\u2013 is used where transparency is important for evaluation interfaces.<\/p>\n<table>\n<caption>TYPICAL PROPERTIES OF PETG<\/caption>\n<thead>\n<tr>\n<th>&nbsp;<\/th>\n<th>UNITS<\/th>\n<th>ASTM TEST<\/th>\n<th>PETG<\/th>\n<\/tr>\n<\/thead>\n<tbody>\n<tr>\n<td>Tensile strength<\/td>\n<td>psi<\/td>\n<td>D638<\/td>\n<td>7,700<\/td>\n<\/tr>\n<tr>\n<td>Flexural modulus<\/td>\n<td>psi<\/td>\n<td>D790<\/td>\n<td>310,000<\/td>\n<\/tr>\n<tr>\n<td>Izod impact (notched)<\/td>\n<td>ft-lbs\/in of notch<\/td>\n<td>D256<\/td>\n<td>1.7<\/td>\n<\/tr>\n<tr>\n<td>Heat deflection temperature @ 264 psi<\/td>\n<td>\u00b0F<\/td>\n<td>D648<\/td>\n<td>157<\/td>\n<\/tr>\n<tr>\n<td>Maximum continuous service temperature in air<\/td>\n<td>\u00b0F<\/td>\n<td>&nbsp;<\/td>\n<td>&#8211;<\/td>\n<\/tr>\n<tr>\n<td>Water absorption (immersion 24 hours)<\/td>\n<td>%<\/td>\n<td>D570<\/td>\n<td>0.20<\/td>\n<\/tr>\n<tr>\n<td>Coefficient of linear thermal expansion<\/td>\n<td>in\/in\/\u00b0Fx10<sup>-5<\/sup><\/td>\n<td>D696<\/td>\n<td>3.8<\/td>\n<\/tr>\n<\/tbody>\n<\/table>\n<p><strong>LIVRAISON DANS LA R\u00c9GION DE OTTAWA-GATINEAU<\/strong><br \/>\n5.00$&nbsp;<\/p>\n<p>* Pour une livraison \u00e0 l&rsquo;ext\u00e9rieur de ce rayon, veuillez-nous contacter directement au 613-742-6227 afin de conna\u00eetre les options et tarifs de livraison.<\/p>\n","protected":false},"featured_media":3618,"template":"","meta":{"ngg_post_thumbnail":0},"product_brand":[],"product_cat":[26],"product_tag":[],"class_list":{"0":"post-3480","1":"product","2":"type-product","3":"status-publish","4":"has-post-thumbnail","6":"product_cat-uncategorized","8":"first","9":"instock","10":"taxable","11":"shipping-taxable","12":"purchasable","13":"product-type-variable","14":"has-default-attributes"},"yoast_head":"<!-- This site is optimized with the Yoast SEO plugin v26.9 - https:\/\/yoast.com\/product\/yoast-seo-wordpress\/ -->\n<title>Visi\u00e8re m\u00e9dicale | New Born Arts Signs<\/title>\n<meta name=\"robots\" content=\"index, follow, max-snippet:-1, max-image-preview:large, max-video-preview:-1\" \/>\n<link rel=\"canonical\" href=\"https:\/\/newbornarts.com\/product\/medical-shield\/\" \/>\n<meta property=\"og:locale\" content=\"fr_FR\" \/>\n<meta property=\"og:type\" content=\"article\" \/>\n<meta property=\"og:title\" content=\"Visi\u00e8re m\u00e9dicale | New Born Arts Signs\" \/>\n<meta property=\"og:description\" content=\"[:en]PETG;Color: ClearThickness: 0.020Texture: MirrorGrades: FDA Compliant, OrthoticSpecs: 11 5\/8&#039;&#039; Wide x 12&#039;&#039; High&nbsp; PETG Properties and Material Options Thermoforming\u2013&nbsp;PETG does not require drying prior to forming and has rapid thermoforming cycle times. It is brake formable up to 0.080&quot; thickness.  Impact Resistance\u2013&nbsp;PETG is less brittle than acrylic.  Chemical Resistance\u2013&nbsp;PETG offers superior chemical resistance when compared with many other transparent plastics.  PETG Sheet for O&amp;P\u2013 is used where transparency is important for evaluation interfaces. TYPICAL PROPERTIES OF PETG   &nbsp; UNITS ASTM TEST PETG     Tensile strength psi D638 7,700   Flexural modulus psi D790 310,000   Izod impact (notched) ft-lbs\/in of notch D256 1.7   Heat deflection temperature @ 264 psi \u00b0F D648 157   Maximum continuous service temperature in air \u00b0F &nbsp; -   Water absorption (immersion 24 hours) % D570 0.20   Coefficient of linear thermal expansion in\/in\/\u00b0Fx10-5 D696 3.8    DELIVERY IN THE OTTAWA-GATINEAU AREA 5.00$&nbsp;  * For delivery outside this radius, please contact us directly at 613-742-6227 for delivery options and rates.[:fr]PETG;Color: ClearThickness: 0.020Texture: MirrorGrades: FDA Compliant, OrthoticSpecs: 11 5\/8&#039;&#039; Wide x 12&#039;&#039; High&nbsp; PETG Properties and Material Options Thermoforming\u2013&nbsp;PETG does not require drying prior to forming and has rapid thermoforming cycle times. It is brake formable up to 0.080&quot; thickness.  Impact Resistance\u2013&nbsp;PETG is less brittle than acrylic.  Chemical Resistance\u2013&nbsp;PETG offers superior chemical resistance when compared with many other transparent plastics.  PETG Sheet for O&amp;P\u2013 is used where transparency is important for evaluation interfaces. TYPICAL PROPERTIES OF PETG   &nbsp; UNITS ASTM TEST PETG     Tensile strength psi D638 7,700   Flexural modulus psi D790 310,000   Izod impact (notched) ft-lbs\/in of notch D256 1.7   Heat deflection temperature @ 264 psi \u00b0F D648 157   Maximum continuous service temperature in air \u00b0F &nbsp; -   Water absorption (immersion 24 hours) % D570 0.20   Coefficient of linear thermal expansion in\/in\/\u00b0Fx10-5 D696 3.8    LIVRAISON DANS LA R\u00c9GION DE OTTAWA-GATINEAU 5.00$&nbsp;  * Pour une livraison \u00e0 l&#039;ext\u00e9rieur de ce rayon, veuillez-nous contacter directement au 613-742-6227 afin de conna\u00eetre les options et tarifs de livraison.[:]\" \/>\n<meta property=\"og:url\" content=\"https:\/\/newbornarts.com\/product\/medical-shield\/\" \/>\n<meta property=\"og:site_name\" content=\"New Born Arts Signs\" \/>\n<meta property=\"article:modified_time\" content=\"2020-06-02T18:31:16+00:00\" \/>\n<meta property=\"og:image\" content=\"https:\/\/newbornarts.com\/wp-content\/uploads\/2020\/05\/Large-1.jpg\" \/>\n\t<meta property=\"og:image:width\" content=\"1474\" \/>\n\t<meta property=\"og:image:height\" content=\"979\" \/>\n\t<meta property=\"og:image:type\" content=\"image\/jpeg\" \/>\n<meta name=\"twitter:card\" content=\"summary_large_image\" \/>\n<script type=\"application\/ld+json\" class=\"yoast-schema-graph\">{\"@context\":\"https:\/\/schema.org\",\"@graph\":[{\"@type\":\"WebPage\",\"@id\":\"https:\/\/newbornarts.com\/product\/medical-shield\/\",\"url\":\"https:\/\/newbornarts.com\/product\/medical-shield\/\",\"name\":\"Visi\u00e8re m\u00e9dicale | New Born Arts Signs\",\"isPartOf\":{\"@id\":\"https:\/\/newbornarts.com\/#website\"},\"primaryImageOfPage\":{\"@id\":\"https:\/\/newbornarts.com\/product\/medical-shield\/#primaryimage\"},\"image\":{\"@id\":\"https:\/\/newbornarts.com\/product\/medical-shield\/#primaryimage\"},\"thumbnailUrl\":\"https:\/\/newbornarts.com\/wp-content\/uploads\/2020\/05\/Large-1.jpg\",\"datePublished\":\"2020-05-05T18:10:21+00:00\",\"dateModified\":\"2020-06-02T18:31:16+00:00\",\"breadcrumb\":{\"@id\":\"https:\/\/newbornarts.com\/product\/medical-shield\/#breadcrumb\"},\"inLanguage\":\"fr-FR\",\"potentialAction\":[{\"@type\":\"ReadAction\",\"target\":[\"https:\/\/newbornarts.com\/product\/medical-shield\/\"]}]},{\"@type\":\"ImageObject\",\"inLanguage\":\"fr-FR\",\"@id\":\"https:\/\/newbornarts.com\/product\/medical-shield\/#primaryimage\",\"url\":\"https:\/\/newbornarts.com\/wp-content\/uploads\/2020\/05\/Large-1.jpg\",\"contentUrl\":\"https:\/\/newbornarts.com\/wp-content\/uploads\/2020\/05\/Large-1.jpg\",\"width\":1474,\"height\":979},{\"@type\":\"BreadcrumbList\",\"@id\":\"https:\/\/newbornarts.com\/product\/medical-shield\/#breadcrumb\",\"itemListElement\":[{\"@type\":\"ListItem\",\"position\":1,\"name\":\"Home\",\"item\":\"https:\/\/newbornarts.com\/\"},{\"@type\":\"ListItem\",\"position\":2,\"name\":\"Medical Face Shield\"}]},{\"@type\":\"WebSite\",\"@id\":\"https:\/\/newbornarts.com\/#website\",\"url\":\"https:\/\/newbornarts.com\/\",\"name\":\"New Born Arts Signs\",\"description\":\"\",\"potentialAction\":[{\"@type\":\"SearchAction\",\"target\":{\"@type\":\"EntryPoint\",\"urlTemplate\":\"https:\/\/newbornarts.com\/?s={search_term_string}\"},\"query-input\":{\"@type\":\"PropertyValueSpecification\",\"valueRequired\":true,\"valueName\":\"search_term_string\"}}],\"inLanguage\":\"fr-FR\"}]}<\/script>\n<!-- \/ Yoast SEO plugin. -->","yoast_head_json":{"title":"Visi\u00e8re m\u00e9dicale | New Born Arts Signs","robots":{"index":"index","follow":"follow","max-snippet":"max-snippet:-1","max-image-preview":"max-image-preview:large","max-video-preview":"max-video-preview:-1"},"canonical":"https:\/\/newbornarts.com\/product\/medical-shield\/","og_locale":"fr_FR","og_type":"article","og_title":"Visi\u00e8re m\u00e9dicale | New Born Arts Signs","og_description":"[:en]PETG;Color: ClearThickness: 0.020Texture: MirrorGrades: FDA Compliant, OrthoticSpecs: 11 5\/8'' Wide x 12'' High&nbsp; PETG Properties and Material Options Thermoforming\u2013&nbsp;PETG does not require drying prior to forming and has rapid thermoforming cycle times. It is brake formable up to 0.080\" thickness.  Impact Resistance\u2013&nbsp;PETG is less brittle than acrylic.  Chemical Resistance\u2013&nbsp;PETG offers superior chemical resistance when compared with many other transparent plastics.  PETG Sheet for O&amp;P\u2013 is used where transparency is important for evaluation interfaces. TYPICAL PROPERTIES OF PETG   &nbsp; UNITS ASTM TEST PETG     Tensile strength psi D638 7,700   Flexural modulus psi D790 310,000   Izod impact (notched) ft-lbs\/in of notch D256 1.7   Heat deflection temperature @ 264 psi \u00b0F D648 157   Maximum continuous service temperature in air \u00b0F &nbsp; -   Water absorption (immersion 24 hours) % D570 0.20   Coefficient of linear thermal expansion in\/in\/\u00b0Fx10-5 D696 3.8    DELIVERY IN THE OTTAWA-GATINEAU AREA 5.00$&nbsp;  * For delivery outside this radius, please contact us directly at 613-742-6227 for delivery options and rates.[:fr]PETG;Color: ClearThickness: 0.020Texture: MirrorGrades: FDA Compliant, OrthoticSpecs: 11 5\/8'' Wide x 12'' High&nbsp; PETG Properties and Material Options Thermoforming\u2013&nbsp;PETG does not require drying prior to forming and has rapid thermoforming cycle times. It is brake formable up to 0.080\" thickness.  Impact Resistance\u2013&nbsp;PETG is less brittle than acrylic.  Chemical Resistance\u2013&nbsp;PETG offers superior chemical resistance when compared with many other transparent plastics.  PETG Sheet for O&amp;P\u2013 is used where transparency is important for evaluation interfaces. TYPICAL PROPERTIES OF PETG   &nbsp; UNITS ASTM TEST PETG     Tensile strength psi D638 7,700   Flexural modulus psi D790 310,000   Izod impact (notched) ft-lbs\/in of notch D256 1.7   Heat deflection temperature @ 264 psi \u00b0F D648 157   Maximum continuous service temperature in air \u00b0F &nbsp; -   Water absorption (immersion 24 hours) % D570 0.20   Coefficient of linear thermal expansion in\/in\/\u00b0Fx10-5 D696 3.8    LIVRAISON DANS LA R\u00c9GION DE OTTAWA-GATINEAU 5.00$&nbsp;  * Pour une livraison \u00e0 l'ext\u00e9rieur de ce rayon, veuillez-nous contacter directement au 613-742-6227 afin de conna\u00eetre les options et tarifs de livraison.[:]","og_url":"https:\/\/newbornarts.com\/product\/medical-shield\/","og_site_name":"New Born Arts Signs","article_modified_time":"2020-06-02T18:31:16+00:00","og_image":[{"width":1474,"height":979,"url":"https:\/\/newbornarts.com\/wp-content\/uploads\/2020\/05\/Large-1.jpg","type":"image\/jpeg"}],"twitter_card":"summary_large_image","schema":{"@context":"https:\/\/schema.org","@graph":[{"@type":"WebPage","@id":"https:\/\/newbornarts.com\/product\/medical-shield\/","url":"https:\/\/newbornarts.com\/product\/medical-shield\/","name":"Visi\u00e8re m\u00e9dicale | New Born Arts Signs","isPartOf":{"@id":"https:\/\/newbornarts.com\/#website"},"primaryImageOfPage":{"@id":"https:\/\/newbornarts.com\/product\/medical-shield\/#primaryimage"},"image":{"@id":"https:\/\/newbornarts.com\/product\/medical-shield\/#primaryimage"},"thumbnailUrl":"https:\/\/newbornarts.com\/wp-content\/uploads\/2020\/05\/Large-1.jpg","datePublished":"2020-05-05T18:10:21+00:00","dateModified":"2020-06-02T18:31:16+00:00","breadcrumb":{"@id":"https:\/\/newbornarts.com\/product\/medical-shield\/#breadcrumb"},"inLanguage":"fr-FR","potentialAction":[{"@type":"ReadAction","target":["https:\/\/newbornarts.com\/product\/medical-shield\/"]}]},{"@type":"ImageObject","inLanguage":"fr-FR","@id":"https:\/\/newbornarts.com\/product\/medical-shield\/#primaryimage","url":"https:\/\/newbornarts.com\/wp-content\/uploads\/2020\/05\/Large-1.jpg","contentUrl":"https:\/\/newbornarts.com\/wp-content\/uploads\/2020\/05\/Large-1.jpg","width":1474,"height":979},{"@type":"BreadcrumbList","@id":"https:\/\/newbornarts.com\/product\/medical-shield\/#breadcrumb","itemListElement":[{"@type":"ListItem","position":1,"name":"Home","item":"https:\/\/newbornarts.com\/"},{"@type":"ListItem","position":2,"name":"Medical Face Shield"}]},{"@type":"WebSite","@id":"https:\/\/newbornarts.com\/#website","url":"https:\/\/newbornarts.com\/","name":"New Born Arts Signs","description":"","potentialAction":[{"@type":"SearchAction","target":{"@type":"EntryPoint","urlTemplate":"https:\/\/newbornarts.com\/?s={search_term_string}"},"query-input":{"@type":"PropertyValueSpecification","valueRequired":true,"valueName":"search_term_string"}}],"inLanguage":"fr-FR"}]}},"jetpack_sharing_enabled":true,"_links":{"self":[{"href":"https:\/\/newbornarts.com\/fr\/wp-json\/wp\/v2\/product\/3480","targetHints":{"allow":["GET"]}}],"collection":[{"href":"https:\/\/newbornarts.com\/fr\/wp-json\/wp\/v2\/product"}],"about":[{"href":"https:\/\/newbornarts.com\/fr\/wp-json\/wp\/v2\/types\/product"}],"wp:featuredmedia":[{"embeddable":true,"href":"https:\/\/newbornarts.com\/fr\/wp-json\/wp\/v2\/media\/3618"}],"wp:attachment":[{"href":"https:\/\/newbornarts.com\/fr\/wp-json\/wp\/v2\/media?parent=3480"}],"wp:term":[{"taxonomy":"product_brand","embeddable":true,"href":"https:\/\/newbornarts.com\/fr\/wp-json\/wp\/v2\/product_brand?post=3480"},{"taxonomy":"product_cat","embeddable":true,"href":"https:\/\/newbornarts.com\/fr\/wp-json\/wp\/v2\/product_cat?post=3480"},{"taxonomy":"product_tag","embeddable":true,"href":"https:\/\/newbornarts.com\/fr\/wp-json\/wp\/v2\/product_tag?post=3480"}],"curies":[{"name":"wp","href":"https:\/\/api.w.org\/{rel}","templated":true}]}}