{"id":1641,"date":"2011-02-23T07:38:20","date_gmt":"2011-02-23T07:38:20","guid":{"rendered":"http:\/\/localhost\/?page_id=1641"},"modified":"2023-07-19T14:06:56","modified_gmt":"2023-07-19T18:06:56","slug":"our-services","status":"publish","type":"page","link":"https:\/\/newbornarts.com\/fr\/our-services\/","title":{"rendered":"Nos Services"},"content":{"rendered":"<div class=\"one_fourth\">\n<p><a href=\"http:\/\/newbornarts.com\/fr\/our-services\/#fabrication\"><img loading=\"lazy\" decoding=\"async\" class=\"aligncenter wp-image-3439 size-thumbnail\" src=\"https:\/\/newbornarts.com\/wp-content\/uploads\/2011\/02\/photo-1-150x150.jpg\" alt=\"\" width=\"150\" height=\"150\" srcset=\"https:\/\/newbornarts.com\/wp-content\/uploads\/2011\/02\/photo-1-150x150.jpg 150w, https:\/\/newbornarts.com\/wp-content\/uploads\/2011\/02\/photo-1-300x300.jpg 300w, https:\/\/newbornarts.com\/wp-content\/uploads\/2011\/02\/photo-1-rotated-100x100.jpg 100w, https:\/\/newbornarts.com\/wp-content\/uploads\/2011\/02\/photo-1-48x48.jpg 48w\" sizes=\"auto, (max-width: 150px) 100vw, 150px\" \/><\/a><\/p>\n<p style=\"text-align: center;\"><strong>FABRICATION<\/strong><\/p>\n<\/div>\n<div class=\"one_fourth\">\n<a href=\"http:\/\/newbornarts.com\/fr\/our-services\/#installation\" rel=\"attachment wp-att-2602\"><img loading=\"lazy\" decoding=\"async\" class=\"aligncenter wp-image-3426 size-thumbnail\" src=\"http:\/\/newbornarts.com\/wp-content\/uploads\/2016\/06\/Target-St-Laurent-5_1-150x150.jpg\" alt=\"Target St-Laurent 5_1\" width=\"150\" height=\"150\" srcset=\"https:\/\/newbornarts.com\/wp-content\/uploads\/2016\/06\/Target-St-Laurent-5_1-150x150.jpg 150w, https:\/\/newbornarts.com\/wp-content\/uploads\/2016\/06\/Target-St-Laurent-5_1-300x300.jpg 300w, https:\/\/newbornarts.com\/wp-content\/uploads\/2016\/06\/Target-St-Laurent-5_1-100x100.jpg 100w, https:\/\/newbornarts.com\/wp-content\/uploads\/2016\/06\/Target-St-Laurent-5_1-48x48.jpg 48w\" sizes=\"auto, (max-width: 150px) 100vw, 150px\" \/><\/a><\/p>\n<p style=\"text-align: center;\"><strong>INSTALLATION<\/strong><\/p>\n<\/div>\n<div class=\"one_fourth\">\n<a href=\"http:\/\/newbornarts.com\/fr\/our-services\/#service-maintenance\" rel=\"attachment wp-att-2602\"><img loading=\"lazy\" decoding=\"async\" class=\"aligncenter wp-image-3326 size-thumbnail\" src=\"http:\/\/newbornarts.com\/wp-content\/uploads\/2016\/06\/Zarlink-150x150.jpg\" alt=\"Zarlink\" width=\"150\" height=\"150\" srcset=\"https:\/\/newbornarts.com\/wp-content\/uploads\/2016\/06\/Zarlink-150x150.jpg 150w, https:\/\/newbornarts.com\/wp-content\/uploads\/2016\/06\/Zarlink-300x300.jpg 300w, https:\/\/newbornarts.com\/wp-content\/uploads\/2016\/06\/Zarlink-100x100.jpg 100w, https:\/\/newbornarts.com\/wp-content\/uploads\/2016\/06\/Zarlink-48x48.jpg 48w\" sizes=\"auto, (max-width: 150px) 100vw, 150px\" \/><\/a><\/p>\n<p style=\"text-align: center;\"><strong>R\u00c9PARATION &amp; ENTRETIEN<\/strong><\/p>\n<\/div>\n<div class=\"one_fourth last\">\n<strong><a href=\"http:\/\/newbornarts.com\/fr\/our-services\/#concrete-base\" rel=\"attachment wp-att-2602\"><img loading=\"lazy\" decoding=\"async\" class=\"aligncenter wp-image-3332 size-thumbnail\" src=\"http:\/\/newbornarts.com\/wp-content\/uploads\/2016\/06\/IMG_0826_1-150x150.jpg\" alt=\"IMG_0826_1\" width=\"150\" height=\"150\" srcset=\"https:\/\/newbornarts.com\/wp-content\/uploads\/2016\/06\/IMG_0826_1-150x150.jpg 150w, https:\/\/newbornarts.com\/wp-content\/uploads\/2016\/06\/IMG_0826_1-300x300.jpg 300w, https:\/\/newbornarts.com\/wp-content\/uploads\/2016\/06\/IMG_0826_1-100x100.jpg 100w, https:\/\/newbornarts.com\/wp-content\/uploads\/2016\/06\/IMG_0826_1-48x48.jpg 48w\" sizes=\"auto, (max-width: 150px) 100vw, 150px\" \/><\/a><\/strong><\/p>\n<p style=\"text-align: center;\"><strong>BASE DE B\u00c9TON<\/strong><\/p>\n<\/div>\n<hr>\n<p>&nbsp;<\/p>\n<p>&nbsp;<\/p>\n<p>&nbsp;<\/p>\n<p>&nbsp;<\/p>\n<p>&nbsp;<\/p>\n<p>&nbsp;<\/p>\n<p>&nbsp;<\/p>\n<p><span class=\"il\">New<\/span>&nbsp;<span class=\"il\">Born<\/span>&nbsp;<span class=\"il\">Arts<\/span>&nbsp;vous offre une vaste gamme de services pour concr\u00e9tiser tous vos projets d\u2019affichage et plus encore.&nbsp;<\/p>\n<p>Voici une br\u00e8ve liste des services et produits que nous vous proposons. Si la solution sur mesure que vous recherchez ne figure pas ci-apr\u00e8s, communiquez avec nous \u2013 nous serons heureux de vous aider!<\/p>\n<ul>\n<li>Enseignes sur pyl\u00f4ne<\/li>\n<li>Lettres lumineuses (Channel)<\/li>\n<li>Enseignes lumineuses et enseignes non lumineuses<\/li>\n<li>Enseignes sur mesure<\/li>\n<li>Bases de b\u00e9ton<\/li>\n<li>Lettrage de v\u00e9hicules<\/li>\n<li>Banni\u00e8res<\/li>\n<li>Enseignes directionnelles<\/li>\n<li>Autocollants en vinyle<\/li>\n<li>Plaques nominatives<\/li>\n<li>\u00c9choppage<\/li>\n<li>Impression<\/li>\n<li>Gestion de permis<\/li>\n<\/ul>\n<p>&nbsp;<\/p>\n<h3 id=\"fabrication\" class=\"cufon\" style=\"text-align: left;\"><span style=\"color: #2180a5;\">Fabrication<\/span><\/h3>\n<p>Nous effectuons la fabrication d\u2019enseignes de toutes sortes selon vos exigences et besoins particuliers. Notre \u00e9quipe ing\u00e9nieuse et polyvalente vous accompagnera dans le processus de r\u00e9alisation de vos projets. De la vente \u00e0 la fabrication en passant par la conception, nous visons votre enti\u00e8re satisfaction.<\/p>\n<ul>\n<li>Nous mettons \u00e0 votre disposition une \u00e9quipe des ventes comp\u00e9tente. Toujours \u00e0 l\u2019\u00e9coute de vos besoins, elle saura vous sugg\u00e9rer la solution id\u00e9ale pour votre projet.<\/li>\n<li>Vous travaillerez ensuite avec notre \u00e9quipe de conception, qui se chargera de la pr\u00e9sentation visuelle et des dessins techniques de votre enseigne. Ces dessins serviront \u00e0 votre approbation.<\/li>\n<li>Le tout approuv\u00e9, nous lancerons le processus de fabrication de votre enseigne le plus rapidement possible tout en respectant des exigences de haute qualit\u00e9.<\/li>\n<\/ul>\n<p>&nbsp;<\/p>\n<h3 id=\"installation\" class=\"cufon\" style=\"text-align: left;\"><span style=\"color: #2180a5;\">Installation<\/span><\/h3>\n<p>Notre \u00e9quipe poss\u00e8de l\u2019expertise et le savoir-faire sp\u00e9cialis\u00e9 pour effectuer l\u2019installation de divers types d\u2019enseignes (int\u00e9rieures, ext\u00e9rieures, en hauteur, sur pyl\u00f4ne, etc.). Gr\u00e2ce \u00e0 notre flotte, aucune op\u00e9ration d\u2019installation n\u2019est trop grande ni trop petite. Et pour compl\u00e9ter notre offre de services, nous collaborons avec diff\u00e9rentes entreprises tierces certifi\u00e9es disposant de tout l\u2019\u00e9quipement requis (\u00e9chafaudage volant, grue \u00e0 fl\u00e8che t\u00e9lescopique, etc.) pour accomplir la t\u00e2che efficacement et en toute s\u00e9curit\u00e9.<\/p>\n<p>&nbsp;<\/p>\n<h3 id=\"service-maintenance\" class=\"cufon\" style=\"text-align: left;\"><span style=\"color: #2180a5;\">R\u00e9paration&nbsp;et entretien<\/span><\/h3>\n<p>New Born Arts vous offre des services de r\u00e9paration et d\u2019entretien d\u2019enseignes de tous types&nbsp;:<\/p>\n<ul>\n<li>Enseignes \u00e0 DEL<\/li>\n<li>Enseignes fluorescentes<\/li>\n<li>Enseignes au n\u00e9on<\/li>\n<li>Etc.<\/li>\n<\/ul>\n<p>Gr\u00e2ce \u00e0 notre service rapide et efficace, nous r\u00e9pondons \u00e0 vos besoins de r\u00e9paration et d\u2019entretien dans un d\u00e9lai de 48&nbsp;heures (en plus d\u2019offrir un service d\u2019urgence!). New Born Arts offre \u00e9galement plusieurs programmes d\u2019entretien afin de pr\u00e9server l\u2019apparence et l\u2019efficacit\u00e9 optimale de vos enseignes pendant toute l\u2019ann\u00e9e.<\/p>\n<p>&nbsp;<\/p>\n<h3 id=\"concrete-base\" class=\"cufon\" style=\"text-align: left;\"><span style=\"color: #2180a5;\">Base de b\u00e9ton<\/span><\/h3>\n<p>Notre gamme de services complets comprend la construction de bases de b\u00e9ton. Notre \u00e9quipe chevronn\u00e9e prendra en charge l\u2019ensemble du projet, du d\u00e9but \u00e0 la fin. Afin d\u2019\u00e9riger vos enseignes selon les r\u00e8gles de l\u2019art, New Born Arts vous propose les services suivants&nbsp;:<\/p>\n<ul>\n<li>Plans<\/li>\n<li>Localisations<\/li>\n<li>Excavation (camion hydrovac ou pelle r\u00e9trocaveuse)<\/li>\n<li>Barre d\u2019armature<\/li>\n<li>Ancrage et mod\u00e8les d\u2019ancrage<\/li>\n<li>Coulage du b\u00e9ton<\/li>\n<li>Etc.<\/li>\n<\/ul>\n<p>&nbsp;<\/p>\n<p style=\"text-align: right;\"><a href=\"#top\">RETOUR EN HAUT<\/a><\/p>\n","protected":false},"excerpt":{"rendered":"<p>&nbsp; &nbsp; &nbsp; &nbsp; &nbsp; &nbsp; &nbsp; New&nbsp;Born&nbsp;Arts&nbsp;vous offre une vaste gamme de services pour concr\u00e9tiser tous vos projets d\u2019affichage et plus encore.&nbsp; Voici une br\u00e8ve liste des services et produits que nous vous proposons. Si la solution sur mesure que vous recherchez ne figure pas ci-apr\u00e8s, communiquez avec nous \u2013 nous serons heureux de [&hellip;]<\/p>\n","protected":false},"author":1,"featured_media":0,"parent":0,"menu_order":0,"comment_status":"open","ping_status":"closed","template":"","meta":{"ngg_post_thumbnail":0,"footnotes":""},"class_list":["post-1641","page","type-page","status-publish","hentry"],"yoast_head":"<!-- This site is optimized with the Yoast SEO plugin v26.9 - https:\/\/yoast.com\/product\/yoast-seo-wordpress\/ -->\n<title>Nos Services | New Born Arts Signs<\/title>\n<meta name=\"robots\" content=\"index, follow, max-snippet:-1, max-image-preview:large, max-video-preview:-1\" \/>\n<link rel=\"canonical\" href=\"https:\/\/newbornarts.com\/our-services\/\" \/>\n<meta property=\"og:locale\" content=\"fr_FR\" \/>\n<meta property=\"og:type\" content=\"article\" \/>\n<meta property=\"og:title\" content=\"Nos Services | New Born Arts Signs\" \/>\n<meta property=\"og:description\" content=\"&nbsp; &nbsp; &nbsp; &nbsp; &nbsp; &nbsp; &nbsp; New&nbsp;Born&nbsp;Arts&nbsp;vous offre une vaste gamme de services pour concr\u00e9tiser tous vos projets d\u2019affichage et plus encore.&nbsp; Voici une br\u00e8ve liste des services et produits que nous vous proposons. Si la solution sur mesure que vous recherchez ne figure pas ci-apr\u00e8s, communiquez avec nous \u2013 nous serons heureux de [&hellip;]\" \/>\n<meta property=\"og:url\" content=\"https:\/\/newbornarts.com\/our-services\/\" \/>\n<meta property=\"og:site_name\" content=\"New Born Arts Signs\" \/>\n<meta property=\"article:modified_time\" content=\"2023-07-19T18:06:56+00:00\" \/>\n<meta property=\"og:image\" content=\"https:\/\/newbornarts.com\/wp-content\/uploads\/2011\/02\/photo-1-150x150.jpg\" \/>\n<meta name=\"twitter:card\" content=\"summary_large_image\" \/>\n<meta name=\"twitter:label1\" content=\"Dur\u00e9e de lecture estim\u00e9e\" \/>\n\t<meta name=\"twitter:data1\" content=\"3 minutes\" \/>\n<script type=\"application\/ld+json\" class=\"yoast-schema-graph\">{\"@context\":\"https:\/\/schema.org\",\"@graph\":[{\"@type\":\"WebPage\",\"@id\":\"https:\/\/newbornarts.com\/our-services\/\",\"url\":\"https:\/\/newbornarts.com\/our-services\/\",\"name\":\"Nos Services | New Born Arts Signs\",\"isPartOf\":{\"@id\":\"https:\/\/newbornarts.com\/#website\"},\"primaryImageOfPage\":{\"@id\":\"https:\/\/newbornarts.com\/our-services\/#primaryimage\"},\"image\":{\"@id\":\"https:\/\/newbornarts.com\/our-services\/#primaryimage\"},\"thumbnailUrl\":\"https:\/\/newbornarts.com\/wp-content\/uploads\/2011\/02\/photo-1-150x150.jpg\",\"datePublished\":\"2011-02-23T07:38:20+00:00\",\"dateModified\":\"2023-07-19T18:06:56+00:00\",\"breadcrumb\":{\"@id\":\"https:\/\/newbornarts.com\/our-services\/#breadcrumb\"},\"inLanguage\":\"fr-FR\",\"potentialAction\":[{\"@type\":\"ReadAction\",\"target\":[\"https:\/\/newbornarts.com\/our-services\/\"]}]},{\"@type\":\"ImageObject\",\"inLanguage\":\"fr-FR\",\"@id\":\"https:\/\/newbornarts.com\/our-services\/#primaryimage\",\"url\":\"https:\/\/newbornarts.com\/wp-content\/uploads\/2011\/02\/photo-1-150x150.jpg\",\"contentUrl\":\"https:\/\/newbornarts.com\/wp-content\/uploads\/2011\/02\/photo-1-150x150.jpg\"},{\"@type\":\"BreadcrumbList\",\"@id\":\"https:\/\/newbornarts.com\/our-services\/#breadcrumb\",\"itemListElement\":[{\"@type\":\"ListItem\",\"position\":1,\"name\":\"Home\",\"item\":\"https:\/\/newbornarts.com\/\"},{\"@type\":\"ListItem\",\"position\":2,\"name\":\"Our Services\"}]},{\"@type\":\"WebSite\",\"@id\":\"https:\/\/newbornarts.com\/#website\",\"url\":\"https:\/\/newbornarts.com\/\",\"name\":\"New Born Arts Signs\",\"description\":\"\",\"potentialAction\":[{\"@type\":\"SearchAction\",\"target\":{\"@type\":\"EntryPoint\",\"urlTemplate\":\"https:\/\/newbornarts.com\/?s={search_term_string}\"},\"query-input\":{\"@type\":\"PropertyValueSpecification\",\"valueRequired\":true,\"valueName\":\"search_term_string\"}}],\"inLanguage\":\"fr-FR\"}]}<\/script>\n<!-- \/ Yoast SEO plugin. -->","yoast_head_json":{"title":"Nos Services | New Born Arts Signs","robots":{"index":"index","follow":"follow","max-snippet":"max-snippet:-1","max-image-preview":"max-image-preview:large","max-video-preview":"max-video-preview:-1"},"canonical":"https:\/\/newbornarts.com\/our-services\/","og_locale":"fr_FR","og_type":"article","og_title":"Nos Services | New Born Arts Signs","og_description":"&nbsp; &nbsp; &nbsp; &nbsp; &nbsp; &nbsp; &nbsp; New&nbsp;Born&nbsp;Arts&nbsp;vous offre une vaste gamme de services pour concr\u00e9tiser tous vos projets d\u2019affichage et plus encore.&nbsp; Voici une br\u00e8ve liste des services et produits que nous vous proposons. Si la solution sur mesure que vous recherchez ne figure pas ci-apr\u00e8s, communiquez avec nous \u2013 nous serons heureux de [&hellip;]","og_url":"https:\/\/newbornarts.com\/our-services\/","og_site_name":"New Born Arts Signs","article_modified_time":"2023-07-19T18:06:56+00:00","og_image":[{"url":"https:\/\/newbornarts.com\/wp-content\/uploads\/2011\/02\/photo-1-150x150.jpg","type":"","width":"","height":""}],"twitter_card":"summary_large_image","twitter_misc":{"Dur\u00e9e de lecture estim\u00e9e":"3 minutes"},"schema":{"@context":"https:\/\/schema.org","@graph":[{"@type":"WebPage","@id":"https:\/\/newbornarts.com\/our-services\/","url":"https:\/\/newbornarts.com\/our-services\/","name":"Nos Services | New Born Arts Signs","isPartOf":{"@id":"https:\/\/newbornarts.com\/#website"},"primaryImageOfPage":{"@id":"https:\/\/newbornarts.com\/our-services\/#primaryimage"},"image":{"@id":"https:\/\/newbornarts.com\/our-services\/#primaryimage"},"thumbnailUrl":"https:\/\/newbornarts.com\/wp-content\/uploads\/2011\/02\/photo-1-150x150.jpg","datePublished":"2011-02-23T07:38:20+00:00","dateModified":"2023-07-19T18:06:56+00:00","breadcrumb":{"@id":"https:\/\/newbornarts.com\/our-services\/#breadcrumb"},"inLanguage":"fr-FR","potentialAction":[{"@type":"ReadAction","target":["https:\/\/newbornarts.com\/our-services\/"]}]},{"@type":"ImageObject","inLanguage":"fr-FR","@id":"https:\/\/newbornarts.com\/our-services\/#primaryimage","url":"https:\/\/newbornarts.com\/wp-content\/uploads\/2011\/02\/photo-1-150x150.jpg","contentUrl":"https:\/\/newbornarts.com\/wp-content\/uploads\/2011\/02\/photo-1-150x150.jpg"},{"@type":"BreadcrumbList","@id":"https:\/\/newbornarts.com\/our-services\/#breadcrumb","itemListElement":[{"@type":"ListItem","position":1,"name":"Home","item":"https:\/\/newbornarts.com\/"},{"@type":"ListItem","position":2,"name":"Our Services"}]},{"@type":"WebSite","@id":"https:\/\/newbornarts.com\/#website","url":"https:\/\/newbornarts.com\/","name":"New Born Arts Signs","description":"","potentialAction":[{"@type":"SearchAction","target":{"@type":"EntryPoint","urlTemplate":"https:\/\/newbornarts.com\/?s={search_term_string}"},"query-input":{"@type":"PropertyValueSpecification","valueRequired":true,"valueName":"search_term_string"}}],"inLanguage":"fr-FR"}]}},"jetpack_sharing_enabled":true,"_links":{"self":[{"href":"https:\/\/newbornarts.com\/fr\/wp-json\/wp\/v2\/pages\/1641","targetHints":{"allow":["GET"]}}],"collection":[{"href":"https:\/\/newbornarts.com\/fr\/wp-json\/wp\/v2\/pages"}],"about":[{"href":"https:\/\/newbornarts.com\/fr\/wp-json\/wp\/v2\/types\/page"}],"author":[{"embeddable":true,"href":"https:\/\/newbornarts.com\/fr\/wp-json\/wp\/v2\/users\/1"}],"replies":[{"embeddable":true,"href":"https:\/\/newbornarts.com\/fr\/wp-json\/wp\/v2\/comments?post=1641"}],"version-history":[{"count":5,"href":"https:\/\/newbornarts.com\/fr\/wp-json\/wp\/v2\/pages\/1641\/revisions"}],"predecessor-version":[{"id":3714,"href":"https:\/\/newbornarts.com\/fr\/wp-json\/wp\/v2\/pages\/1641\/revisions\/3714"}],"wp:attachment":[{"href":"https:\/\/newbornarts.com\/fr\/wp-json\/wp\/v2\/media?parent=1641"}],"curies":[{"name":"wp","href":"https:\/\/api.w.org\/{rel}","templated":true}]}}