{"id":1627,"date":"2011-02-23T07:08:49","date_gmt":"2011-02-23T07:08:49","guid":{"rendered":"http:\/\/localhost\/?page_id=1627"},"modified":"2016-05-26T18:45:31","modified_gmt":"2016-05-26T18:45:31","slug":"about-us","status":"publish","type":"page","link":"https:\/\/newbornarts.com\/fr\/about-us\/","title":{"rendered":"Notre histoire"},"content":{"rendered":"<div class=\"one_half \">\n<p><img loading=\"lazy\" decoding=\"async\" class=\"alignnone wp-image-2606\" src=\"http:\/\/newbornarts.com\/wp-content\/uploads\/2011\/02\/IMG_1580-1-300x225.jpg\" alt=\"IMG_1580\" width=\"469\" height=\"352\" \/><\/p>\n<\/div>\n<div class=\"one_half last \">\n<h4>Notre histoire<\/h4>\n<p style=\"text-align: justify;\">Les d\u00e9buts de New Born Arts remontent \u00e0 1997 et \u00e0 la fabrication artisanale de plaques nominatives depuis un garage r\u00e9sidentiel. Appel\u00e9e par la cr\u00e9ativit\u00e9, l\u2019entreprise s\u2019oriente vers la fabrication d\u2019enseignes. En 1999, New Born Arts se constitue en soci\u00e9t\u00e9 et se r\u00e9installe dans la r\u00e9gion d\u2019Ottawa afin d\u2019\u00eatre plus accessible et de mieux servir l\u2019ensemble de sa client\u00e8le.<\/p>\n<p style=\"text-align: justify;\">La renomm\u00e9e de New Born Arts s\u2019est b\u00e2tie sur des produits et des services de qualit\u00e9, et nous ne m\u00e9nageons aucun effort pour nous d\u00e9marquer de nos concurrents.<\/p>\n<p style=\"text-align: justify;\">Aujourd\u2019hui, nous sommes r\u00e9put\u00e9s dans la r\u00e9gion d\u2019Ottawa pour notre vaste offre de services li\u00e9s \u00e0 l\u2019industrie de l\u2019enseigne\u00a0: fabrication, installation, r\u00e9paration et entretien ainsi que les bases de b\u00e9ton. Nos clients savent qu\u2019ils sont entre bonnes mains!<\/p>\n<h4>Notre mission<\/h4>\n<p style=\"text-align: justify;\">Chez New Born Arts, nous mettons tout en \u0153uvre pour vous offrir un service personnalis\u00e9 qui d\u00e9passera vos attentes. Ayant \u00e0 c\u0153ur votre enti\u00e8re satisfaction, nous vous proposons des enseignes abordables de premi\u00e8re qualit\u00e9 qui r\u00e9pondent \u00e0 vos besoins particuliers.<\/p>\n<\/div>\n<h4><\/h4>\n","protected":false},"excerpt":{"rendered":"","protected":false},"author":1,"featured_media":0,"parent":0,"menu_order":0,"comment_status":"open","ping_status":"open","template":"","meta":{"ngg_post_thumbnail":0,"footnotes":""},"class_list":["post-1627","page","type-page","status-publish","hentry"],"yoast_head":"<!-- This site is optimized with the Yoast SEO plugin v26.9 - https:\/\/yoast.com\/product\/yoast-seo-wordpress\/ -->\n<title>Notre histoire | New Born Arts Signs<\/title>\n<meta name=\"robots\" content=\"index, follow, max-snippet:-1, max-image-preview:large, max-video-preview:-1\" \/>\n<link rel=\"canonical\" href=\"https:\/\/newbornarts.com\/about-us\/\" \/>\n<meta property=\"og:locale\" content=\"fr_FR\" \/>\n<meta property=\"og:type\" content=\"article\" \/>\n<meta property=\"og:title\" content=\"Notre histoire | New Born Arts Signs\" \/>\n<meta property=\"og:url\" content=\"https:\/\/newbornarts.com\/about-us\/\" \/>\n<meta property=\"og:site_name\" content=\"New Born Arts Signs\" \/>\n<meta property=\"article:modified_time\" content=\"2016-05-26T18:45:31+00:00\" \/>\n<meta property=\"og:image\" content=\"http:\/\/newbornarts.com\/wp-content\/uploads\/2011\/02\/IMG_1580-1-300x225.jpg\" \/>\n<meta name=\"twitter:card\" content=\"summary_large_image\" \/>\n<meta name=\"twitter:label1\" content=\"Dur\u00e9e de lecture estim\u00e9e\" \/>\n\t<meta name=\"twitter:data1\" content=\"1 minute\" \/>\n<script type=\"application\/ld+json\" class=\"yoast-schema-graph\">{\"@context\":\"https:\/\/schema.org\",\"@graph\":[{\"@type\":\"WebPage\",\"@id\":\"https:\/\/newbornarts.com\/about-us\/\",\"url\":\"https:\/\/newbornarts.com\/about-us\/\",\"name\":\"Notre histoire | New Born Arts Signs\",\"isPartOf\":{\"@id\":\"https:\/\/newbornarts.com\/#website\"},\"primaryImageOfPage\":{\"@id\":\"https:\/\/newbornarts.com\/about-us\/#primaryimage\"},\"image\":{\"@id\":\"https:\/\/newbornarts.com\/about-us\/#primaryimage\"},\"thumbnailUrl\":\"http:\/\/newbornarts.com\/wp-content\/uploads\/2011\/02\/IMG_1580-1-300x225.jpg\",\"datePublished\":\"2011-02-23T07:08:49+00:00\",\"dateModified\":\"2016-05-26T18:45:31+00:00\",\"breadcrumb\":{\"@id\":\"https:\/\/newbornarts.com\/about-us\/#breadcrumb\"},\"inLanguage\":\"fr-FR\",\"potentialAction\":[{\"@type\":\"ReadAction\",\"target\":[\"https:\/\/newbornarts.com\/about-us\/\"]}]},{\"@type\":\"ImageObject\",\"inLanguage\":\"fr-FR\",\"@id\":\"https:\/\/newbornarts.com\/about-us\/#primaryimage\",\"url\":\"http:\/\/newbornarts.com\/wp-content\/uploads\/2011\/02\/IMG_1580-1-300x225.jpg\",\"contentUrl\":\"http:\/\/newbornarts.com\/wp-content\/uploads\/2011\/02\/IMG_1580-1-300x225.jpg\"},{\"@type\":\"BreadcrumbList\",\"@id\":\"https:\/\/newbornarts.com\/about-us\/#breadcrumb\",\"itemListElement\":[{\"@type\":\"ListItem\",\"position\":1,\"name\":\"Home\",\"item\":\"https:\/\/newbornarts.com\/\"},{\"@type\":\"ListItem\",\"position\":2,\"name\":\"Our History\"}]},{\"@type\":\"WebSite\",\"@id\":\"https:\/\/newbornarts.com\/#website\",\"url\":\"https:\/\/newbornarts.com\/\",\"name\":\"New Born Arts Signs\",\"description\":\"\",\"potentialAction\":[{\"@type\":\"SearchAction\",\"target\":{\"@type\":\"EntryPoint\",\"urlTemplate\":\"https:\/\/newbornarts.com\/?s={search_term_string}\"},\"query-input\":{\"@type\":\"PropertyValueSpecification\",\"valueRequired\":true,\"valueName\":\"search_term_string\"}}],\"inLanguage\":\"fr-FR\"}]}<\/script>\n<!-- \/ Yoast SEO plugin. -->","yoast_head_json":{"title":"Notre histoire | New Born Arts Signs","robots":{"index":"index","follow":"follow","max-snippet":"max-snippet:-1","max-image-preview":"max-image-preview:large","max-video-preview":"max-video-preview:-1"},"canonical":"https:\/\/newbornarts.com\/about-us\/","og_locale":"fr_FR","og_type":"article","og_title":"Notre histoire | New Born Arts Signs","og_url":"https:\/\/newbornarts.com\/about-us\/","og_site_name":"New Born Arts Signs","article_modified_time":"2016-05-26T18:45:31+00:00","og_image":[{"url":"http:\/\/newbornarts.com\/wp-content\/uploads\/2011\/02\/IMG_1580-1-300x225.jpg","type":"","width":"","height":""}],"twitter_card":"summary_large_image","twitter_misc":{"Dur\u00e9e de lecture estim\u00e9e":"1 minute"},"schema":{"@context":"https:\/\/schema.org","@graph":[{"@type":"WebPage","@id":"https:\/\/newbornarts.com\/about-us\/","url":"https:\/\/newbornarts.com\/about-us\/","name":"Notre histoire | New Born Arts Signs","isPartOf":{"@id":"https:\/\/newbornarts.com\/#website"},"primaryImageOfPage":{"@id":"https:\/\/newbornarts.com\/about-us\/#primaryimage"},"image":{"@id":"https:\/\/newbornarts.com\/about-us\/#primaryimage"},"thumbnailUrl":"http:\/\/newbornarts.com\/wp-content\/uploads\/2011\/02\/IMG_1580-1-300x225.jpg","datePublished":"2011-02-23T07:08:49+00:00","dateModified":"2016-05-26T18:45:31+00:00","breadcrumb":{"@id":"https:\/\/newbornarts.com\/about-us\/#breadcrumb"},"inLanguage":"fr-FR","potentialAction":[{"@type":"ReadAction","target":["https:\/\/newbornarts.com\/about-us\/"]}]},{"@type":"ImageObject","inLanguage":"fr-FR","@id":"https:\/\/newbornarts.com\/about-us\/#primaryimage","url":"http:\/\/newbornarts.com\/wp-content\/uploads\/2011\/02\/IMG_1580-1-300x225.jpg","contentUrl":"http:\/\/newbornarts.com\/wp-content\/uploads\/2011\/02\/IMG_1580-1-300x225.jpg"},{"@type":"BreadcrumbList","@id":"https:\/\/newbornarts.com\/about-us\/#breadcrumb","itemListElement":[{"@type":"ListItem","position":1,"name":"Home","item":"https:\/\/newbornarts.com\/"},{"@type":"ListItem","position":2,"name":"Our History"}]},{"@type":"WebSite","@id":"https:\/\/newbornarts.com\/#website","url":"https:\/\/newbornarts.com\/","name":"New Born Arts Signs","description":"","potentialAction":[{"@type":"SearchAction","target":{"@type":"EntryPoint","urlTemplate":"https:\/\/newbornarts.com\/?s={search_term_string}"},"query-input":{"@type":"PropertyValueSpecification","valueRequired":true,"valueName":"search_term_string"}}],"inLanguage":"fr-FR"}]}},"jetpack_sharing_enabled":true,"_links":{"self":[{"href":"https:\/\/newbornarts.com\/fr\/wp-json\/wp\/v2\/pages\/1627","targetHints":{"allow":["GET"]}}],"collection":[{"href":"https:\/\/newbornarts.com\/fr\/wp-json\/wp\/v2\/pages"}],"about":[{"href":"https:\/\/newbornarts.com\/fr\/wp-json\/wp\/v2\/types\/page"}],"author":[{"embeddable":true,"href":"https:\/\/newbornarts.com\/fr\/wp-json\/wp\/v2\/users\/1"}],"replies":[{"embeddable":true,"href":"https:\/\/newbornarts.com\/fr\/wp-json\/wp\/v2\/comments?post=1627"}],"version-history":[{"count":29,"href":"https:\/\/newbornarts.com\/fr\/wp-json\/wp\/v2\/pages\/1627\/revisions"}],"predecessor-version":[{"id":2639,"href":"https:\/\/newbornarts.com\/fr\/wp-json\/wp\/v2\/pages\/1627\/revisions\/2639"}],"wp:attachment":[{"href":"https:\/\/newbornarts.com\/fr\/wp-json\/wp\/v2\/media?parent=1627"}],"curies":[{"name":"wp","href":"https:\/\/api.w.org\/{rel}","templated":true}]}}